{"id":65,"date":"2024-08-03T13:27:24","date_gmt":"2024-08-03T13:27:24","guid":{"rendered":"https:\/\/chateaudeblagnac.fr\/?page_id=65"},"modified":"2025-09-01T21:08:43","modified_gmt":"2025-09-01T21:08:43","slug":"home","status":"publish","type":"page","link":"https:\/\/chateaudeblagnac.fr\/","title":{"rendered":"home pagina cabara atlantique"},"content":{"rendered":"\t\t<div data-elementor-type=\"wp-post\" data-elementor-id=\"65\" class=\"elementor elementor-65\" data-elementor-post-type=\"page\">\n\t\t\t\t<div class=\"elementor-element elementor-element-4eb88c5 e-flex e-con-boxed e-con e-parent\" data-id=\"4eb88c5\" data-element_type=\"container\">\n\t\t\t\t\t<div class=\"e-con-inner\">\n\t\t\t\t<div class=\"elementor-element elementor-element-d0df996 elementor-widget elementor-widget-text-editor\" data-id=\"d0df996\" data-element_type=\"widget\" data-widget_type=\"text-editor.default\">\n\t\t\t\t<div class=\"elementor-widget-container\">\n\t\t\t<style>\/*! elementor - v3.23.0 - 25-07-2024 *\/\n.elementor-widget-text-editor.elementor-drop-cap-view-stacked .elementor-drop-cap{background-color:#69727d;color:#fff}.elementor-widget-text-editor.elementor-drop-cap-view-framed .elementor-drop-cap{color:#69727d;border:3px solid;background-color:transparent}.elementor-widget-text-editor:not(.elementor-drop-cap-view-default) .elementor-drop-cap{margin-top:8px}.elementor-widget-text-editor:not(.elementor-drop-cap-view-default) .elementor-drop-cap-letter{width:1em;height:1em}.elementor-widget-text-editor .elementor-drop-cap{float:left;text-align:center;line-height:1;font-size:50px}.elementor-widget-text-editor .elementor-drop-cap-letter{display:inline-block}<\/style>\t\t\t\t<p>Bienvenue \u00e1 Cabara Atlantique au Ch\u00e2teau de Blagnac, lieu de rencontres, d\u2019arts et de sciences. Situ\u00e9 au bord de la Dordogne ( Gironde) nous accueillons depuis plus de 40 ans \u00e9crivains, artistes, scientifiques et gens de th\u00e9\u00e2tre.<\/p>\t\t\t\t\t\t<\/div>\n\t\t\t\t<\/div>\n\t\t\t\t<div class=\"elementor-element elementor-element-781c70b elementor-widget elementor-widget-text-editor\" data-id=\"781c70b\" data-element_type=\"widget\" data-widget_type=\"text-editor.default\">\n\t\t\t\t<div class=\"elementor-widget-container\">\n\t\t\t\t\t\t\t<p>Welkom\u00a0 bij Cabara Atlantique op Chateau de Blagnac, een bruisende plek waar cultuur,\u00a0 wetenschap en natuur centraal staan. Gelegen in de Gironde met uitzicht op de prachtige rivier de Dordogne zijn wij al meer dan 40 jaar het huis waar schrijvers, kunstenaars, wetenschappers en theatermakers een plek vinden.\u00a0 Onze stichting Cabara Atlantique biedt ruimte om elkaar te ontmoeten of juist in stilte je gang te gaan.<\/p>\t\t\t\t\t\t<\/div>\n\t\t\t\t<\/div>\n\t\t\t\t\t<\/div>\n\t\t\t\t<\/div>\n\t\t<div class=\"elementor-element elementor-element-ddc8812 e-con-full e-flex e-con e-parent\" data-id=\"ddc8812\" data-element_type=\"container\">\n\t\t\t\t<div class=\"elementor-element elementor-element-1395992 elementor-widget elementor-widget-heading\" data-id=\"1395992\" data-element_type=\"widget\" data-widget_type=\"heading.default\">\n\t\t\t\t<div class=\"elementor-widget-container\">\n\t\t\t<style>\/*! elementor - v3.23.0 - 25-07-2024 *\/\n.elementor-heading-title{padding:0;margin:0;line-height:1}.elementor-widget-heading .elementor-heading-title[class*=elementor-size-]>a{color:inherit;font-size:inherit;line-height:inherit}.elementor-widget-heading .elementor-heading-title.elementor-size-small{font-size:15px}.elementor-widget-heading .elementor-heading-title.elementor-size-medium{font-size:19px}.elementor-widget-heading .elementor-heading-title.elementor-size-large{font-size:29px}.elementor-widget-heading .elementor-heading-title.elementor-size-xl{font-size:39px}.elementor-widget-heading .elementor-heading-title.elementor-size-xxl{font-size:59px}<\/style><h1 class=\"elementor-heading-title elementor-size-default\">Programme 2025<\/h1>\t\t<\/div>\n\t\t\t\t<\/div>\n\t\t\t\t<\/div>\n\t\t<div class=\"elementor-element elementor-element-18bc1b2 e-flex e-con-boxed e-con e-parent\" data-id=\"18bc1b2\" data-element_type=\"container\" data-settings=\"{&quot;background_background&quot;:&quot;classic&quot;}\">\n\t\t\t\t\t<div class=\"e-con-inner\">\n\t\t\t\t<div class=\"elementor-element elementor-element-48e8cc2 elementor-posts--align-center elementor-grid-3 elementor-grid-tablet-2 elementor-grid-mobile-1 elementor-posts--thumbnail-top elementor-posts--show-avatar elementor-posts__hover-gradient elementor-widget elementor-widget-posts\" data-id=\"48e8cc2\" data-element_type=\"widget\" data-settings=\"{&quot;cards_masonry&quot;:&quot;yes&quot;,&quot;cards_row_gap&quot;:{&quot;unit&quot;:&quot;px&quot;,&quot;size&quot;:20,&quot;sizes&quot;:[]},&quot;cards_row_gap_mobile&quot;:{&quot;unit&quot;:&quot;px&quot;,&quot;size&quot;:20,&quot;sizes&quot;:[]},&quot;cards_columns&quot;:&quot;3&quot;,&quot;cards_columns_tablet&quot;:&quot;2&quot;,&quot;cards_columns_mobile&quot;:&quot;1&quot;,&quot;cards_row_gap_tablet&quot;:{&quot;unit&quot;:&quot;px&quot;,&quot;size&quot;:&quot;&quot;,&quot;sizes&quot;:[]}}\" data-widget_type=\"posts.cards\">\n\t\t\t\t<div class=\"elementor-widget-container\">\n\t\t\t<link rel=\"stylesheet\" href=\"https:\/\/chateaudeblagnac.fr\/wp-content\/plugins\/elementor-pro\/assets\/css\/widget-posts.min.css?ver=1722370956\">\t\t<div class=\"elementor-posts-container elementor-posts elementor-posts--skin-cards elementor-grid\">\n\t\t\t\t<article class=\"elementor-post elementor-grid-item post-637 post type-post status-publish format-standard has-post-thumbnail hentry category-niet-gecategoriseerd\">\n\t\t\t<div class=\"elementor-post__card\">\n\t\t\t\t<a class=\"elementor-post__thumbnail__link\" href=\"https:\/\/chateaudeblagnac.fr\/?p=637\" tabindex=\"-1\" ><div class=\"elementor-post__thumbnail\"><img fetchpriority=\"high\" decoding=\"async\" width=\"800\" height=\"600\" src=\"https:\/\/chateaudeblagnac.fr\/wp-content\/uploads\/2025\/09\/IMG_0641-1024x768.webp\" class=\"attachment-large size-large wp-image-638\" alt=\"\" srcset=\"https:\/\/chateaudeblagnac.fr\/wp-content\/uploads\/2025\/09\/IMG_0641-1024x768.webp 1024w, https:\/\/chateaudeblagnac.fr\/wp-content\/uploads\/2025\/09\/IMG_0641-300x225.webp 300w, https:\/\/chateaudeblagnac.fr\/wp-content\/uploads\/2025\/09\/IMG_0641-768x576.webp 768w, https:\/\/chateaudeblagnac.fr\/wp-content\/uploads\/2025\/09\/IMG_0641-1536x1152.webp 1536w, https:\/\/chateaudeblagnac.fr\/wp-content\/uploads\/2025\/09\/IMG_0641-scaled.webp 1920w\" sizes=\"(max-width: 800px) 100vw, 800px\" \/><\/div><\/a>\n\t\t\t\t<div class=\"elementor-post__avatar\">\n\t\t\t<img alt='chateauadmin' src='https:\/\/secure.gravatar.com\/avatar\/1ccd0369145c3e36d04f49cacfd82858edaca09fbdd089f218df8c0f9ec8024f?s=128&#038;d=mm&#038;r=g' srcset='https:\/\/secure.gravatar.com\/avatar\/1ccd0369145c3e36d04f49cacfd82858edaca09fbdd089f218df8c0f9ec8024f?s=256&#038;d=mm&#038;r=g 2x' class='avatar avatar-128 photo' height='128' width='128' \/>\t\t<\/div>\n\t\t\t\t<div class=\"elementor-post__text\">\n\t\t\t\t<h3 class=\"elementor-post__title\">\n\t\t\t<a href=\"https:\/\/chateaudeblagnac.fr\/?p=637\" >\n\t\t\t\t21 septembre Balade Cont\u00e9e\t\t\t<\/a>\n\t\t<\/h3>\n\t\t\t\t<div class=\"elementor-post__excerpt\">\n\t\t\t<p>L&#8217;association Que Du Bonheur vous invite le 21 septembre a 16h pour une Balade Cont\u00e9e dans le parc du Ch\u00e2teau de Blagnac. C&#8217;est la journ\u00e9e\t\t<\/div>\n\t\t\n\t\t<a class=\"elementor-post__read-more\" href=\"https:\/\/chateaudeblagnac.fr\/?p=637\" aria-label=\"Lees meer over 21 septembre Balade Cont\u00e9e\" tabindex=\"-1\" >\n\t\t\tSAVOIR PLUS \u00bb\t\t<\/a>\n\n\t\t\t\t<\/div>\n\t\t\t\t\t<\/div>\n\t\t<\/article>\n\t\t\t\t<article class=\"elementor-post elementor-grid-item post-604 post type-post status-publish format-standard has-post-thumbnail hentry category-niet-gecategoriseerd\">\n\t\t\t<div class=\"elementor-post__card\">\n\t\t\t\t<a class=\"elementor-post__thumbnail__link\" href=\"https:\/\/chateaudeblagnac.fr\/?p=604\" tabindex=\"-1\" ><div class=\"elementor-post__thumbnail\"><img decoding=\"async\" width=\"800\" height=\"600\" src=\"https:\/\/chateaudeblagnac.fr\/wp-content\/uploads\/2025\/09\/Henry-Alles-TTIS-2025-ALGEMEEN-1024x768.webp\" class=\"attachment-large size-large wp-image-605\" alt=\"\" srcset=\"https:\/\/chateaudeblagnac.fr\/wp-content\/uploads\/2025\/09\/Henry-Alles-TTIS-2025-ALGEMEEN-1024x768.webp 1024w, https:\/\/chateaudeblagnac.fr\/wp-content\/uploads\/2025\/09\/Henry-Alles-TTIS-2025-ALGEMEEN-300x225.webp 300w, https:\/\/chateaudeblagnac.fr\/wp-content\/uploads\/2025\/09\/Henry-Alles-TTIS-2025-ALGEMEEN-768x576.webp 768w, https:\/\/chateaudeblagnac.fr\/wp-content\/uploads\/2025\/09\/Henry-Alles-TTIS-2025-ALGEMEEN-1536x1152.webp 1536w, https:\/\/chateaudeblagnac.fr\/wp-content\/uploads\/2025\/09\/Henry-Alles-TTIS-2025-ALGEMEEN.webp 1920w\" sizes=\"(max-width: 800px) 100vw, 800px\" \/><\/div><\/a>\n\t\t\t\t<div class=\"elementor-post__avatar\">\n\t\t\t<img alt='chateauadmin' src='https:\/\/secure.gravatar.com\/avatar\/1ccd0369145c3e36d04f49cacfd82858edaca09fbdd089f218df8c0f9ec8024f?s=128&#038;d=mm&#038;r=g' srcset='https:\/\/secure.gravatar.com\/avatar\/1ccd0369145c3e36d04f49cacfd82858edaca09fbdd089f218df8c0f9ec8024f?s=256&#038;d=mm&#038;r=g 2x' class='avatar avatar-128 photo' height='128' width='128' \/>\t\t<\/div>\n\t\t\t\t<div class=\"elementor-post__text\">\n\t\t\t\t<h3 class=\"elementor-post__title\">\n\t\t\t<a href=\"https:\/\/chateaudeblagnac.fr\/?p=604\" >\n\t\t\t\tPerformances Henry Alles \/ La Tourn\u00e9e\t\t\t<\/a>\n\t\t<\/h3>\n\t\t\t\t<div class=\"elementor-post__excerpt\">\n\t\t\t<p>Reservez pour les performances et le workshop d&#8217;Henry Alles du 27, 28 et 29 septembre! <\/p>\t\t<\/div>\n\t\t\n\t\t<a class=\"elementor-post__read-more\" href=\"https:\/\/chateaudeblagnac.fr\/?p=604\" aria-label=\"Lees meer over Performances Henry Alles \/ La Tourn\u00e9e\" tabindex=\"-1\" >\n\t\t\tSAVOIR PLUS \u00bb\t\t<\/a>\n\n\t\t\t\t<\/div>\n\t\t\t\t\t<\/div>\n\t\t<\/article>\n\t\t\t\t<article class=\"elementor-post elementor-grid-item post-582 post type-post status-publish format-standard has-post-thumbnail hentry category-niet-gecategoriseerd\">\n\t\t\t<div class=\"elementor-post__card\">\n\t\t\t\t<a class=\"elementor-post__thumbnail__link\" href=\"https:\/\/chateaudeblagnac.fr\/?p=582\" tabindex=\"-1\" ><div class=\"elementor-post__thumbnail\"><img decoding=\"async\" width=\"756\" height=\"1024\" src=\"https:\/\/chateaudeblagnac.fr\/wp-content\/uploads\/2025\/09\/IMG_0637-1-756x1024.webp\" class=\"attachment-large size-large wp-image-603\" alt=\"\" srcset=\"https:\/\/chateaudeblagnac.fr\/wp-content\/uploads\/2025\/09\/IMG_0637-1-756x1024.webp 756w, https:\/\/chateaudeblagnac.fr\/wp-content\/uploads\/2025\/09\/IMG_0637-1-221x300.webp 221w, https:\/\/chateaudeblagnac.fr\/wp-content\/uploads\/2025\/09\/IMG_0637-1-768x1041.webp 768w, https:\/\/chateaudeblagnac.fr\/wp-content\/uploads\/2025\/09\/IMG_0637-1-1134x1536.webp 1134w, https:\/\/chateaudeblagnac.fr\/wp-content\/uploads\/2025\/09\/IMG_0637-1-scaled.webp 1417w\" sizes=\"(max-width: 756px) 100vw, 756px\" \/><\/div><\/a>\n\t\t\t\t<div class=\"elementor-post__avatar\">\n\t\t\t<img alt='chateauadmin' src='https:\/\/secure.gravatar.com\/avatar\/1ccd0369145c3e36d04f49cacfd82858edaca09fbdd089f218df8c0f9ec8024f?s=128&#038;d=mm&#038;r=g' srcset='https:\/\/secure.gravatar.com\/avatar\/1ccd0369145c3e36d04f49cacfd82858edaca09fbdd089f218df8c0f9ec8024f?s=256&#038;d=mm&#038;r=g 2x' class='avatar avatar-128 photo' height='128' width='128' \/>\t\t<\/div>\n\t\t\t\t<div class=\"elementor-post__text\">\n\t\t\t\t<h3 class=\"elementor-post__title\">\n\t\t\t<a href=\"https:\/\/chateaudeblagnac.fr\/?p=582\" >\n\t\t\t\t2025 LA TOURN\u00c9E DES ATELIERS D&#8217;ARTISTES  CABARA ATLANTIQUE\t\t\t<\/a>\n\t\t<\/h3>\n\t\t\t\t<div class=\"elementor-post__excerpt\">\n\t\t\t<p>Cabara Atlantique accueille des artistes fran\u00e7ais et n\u00e9erlandais. Venez d\u00e9couvrir leur travail au Ch\u00e2teau de Blagnac \u00e0 Cabara du vendredi 26 septembre jusqu\u2019au dimanche 5\t\t<\/div>\n\t\t\n\t\t<a class=\"elementor-post__read-more\" href=\"https:\/\/chateaudeblagnac.fr\/?p=582\" aria-label=\"Lees meer over 2025 LA TOURN\u00c9E DES ATELIERS D&#8217;ARTISTES  CABARA ATLANTIQUE\" tabindex=\"-1\" >\n\t\t\tSAVOIR PLUS \u00bb\t\t<\/a>\n\n\t\t\t\t<\/div>\n\t\t\t\t\t<\/div>\n\t\t<\/article>\n\t\t\t\t<article class=\"elementor-post elementor-grid-item post-480 post type-post status-publish format-standard has-post-thumbnail hentry category-niet-gecategoriseerd\">\n\t\t\t<div class=\"elementor-post__card\">\n\t\t\t\t<a class=\"elementor-post__thumbnail__link\" href=\"https:\/\/chateaudeblagnac.fr\/?p=480\" tabindex=\"-1\" ><div class=\"elementor-post__thumbnail\"><img loading=\"lazy\" decoding=\"async\" width=\"800\" height=\"525\" src=\"https:\/\/chateaudeblagnac.fr\/wp-content\/uploads\/2024\/08\/jazz-au-cabara-atlantique-1024x672.webp\" class=\"attachment-large size-large wp-image-197\" alt=\"\" srcset=\"https:\/\/chateaudeblagnac.fr\/wp-content\/uploads\/2024\/08\/jazz-au-cabara-atlantique-1024x672.webp 1024w, https:\/\/chateaudeblagnac.fr\/wp-content\/uploads\/2024\/08\/jazz-au-cabara-atlantique-300x197.webp 300w, https:\/\/chateaudeblagnac.fr\/wp-content\/uploads\/2024\/08\/jazz-au-cabara-atlantique-768x504.webp 768w, https:\/\/chateaudeblagnac.fr\/wp-content\/uploads\/2024\/08\/jazz-au-cabara-atlantique-1536x1008.webp 1536w, https:\/\/chateaudeblagnac.fr\/wp-content\/uploads\/2024\/08\/jazz-au-cabara-atlantique.webp 1920w\" sizes=\"(max-width: 800px) 100vw, 800px\" \/><\/div><\/a>\n\t\t\t\t<div class=\"elementor-post__avatar\">\n\t\t\t<img alt='chateauadmin' src='https:\/\/secure.gravatar.com\/avatar\/1ccd0369145c3e36d04f49cacfd82858edaca09fbdd089f218df8c0f9ec8024f?s=128&#038;d=mm&#038;r=g' srcset='https:\/\/secure.gravatar.com\/avatar\/1ccd0369145c3e36d04f49cacfd82858edaca09fbdd089f218df8c0f9ec8024f?s=256&#038;d=mm&#038;r=g 2x' class='avatar avatar-128 photo' height='128' width='128' \/>\t\t<\/div>\n\t\t\t\t<div class=\"elementor-post__text\">\n\t\t\t\t<h3 class=\"elementor-post__title\">\n\t\t\t<a href=\"https:\/\/chateaudeblagnac.fr\/?p=480\" >\n\t\t\t\tJazz au Chateau\t\t\t<\/a>\n\t\t<\/h3>\n\t\t\t\t<div class=\"elementor-post__excerpt\">\n\t\t\t<p>Pour la deuxi\u00e8me fois Cabara Atlantique organise deux soir\u00e9es de jazz cons\u00e9cutives en plein air au Ch\u00e2teau de Blagnac! 8 aout 2025 21h. concert- nocturne&lt;br\t\t<\/div>\n\t\t\n\t\t<a class=\"elementor-post__read-more\" href=\"https:\/\/chateaudeblagnac.fr\/?p=480\" aria-label=\"Lees meer over Jazz au Chateau\" tabindex=\"-1\" >\n\t\t\tSAVOIR PLUS \u00bb\t\t<\/a>\n\n\t\t\t\t<\/div>\n\t\t\t\t\t<\/div>\n\t\t<\/article>\n\t\t\t\t<\/div>\n\t\t\n\t\t\t\t<\/div>\n\t\t\t\t<\/div>\n\t\t\t\t\t<\/div>\n\t\t\t\t<\/div>\n\t\t<div class=\"elementor-element elementor-element-34232eb e-con-full e-flex e-con e-parent\" data-id=\"34232eb\" data-element_type=\"container\">\n\t\t<div class=\"elementor-element elementor-element-4fb9408 e-flex e-con-boxed e-con e-child\" data-id=\"4fb9408\" data-element_type=\"container\">\n\t\t\t\t\t<div class=\"e-con-inner\">\n\t\t\t\t<div class=\"elementor-element elementor-element-f9ca4b1 elementor-widget elementor-widget-heading\" data-id=\"f9ca4b1\" data-element_type=\"widget\" data-widget_type=\"heading.default\">\n\t\t\t\t<div class=\"elementor-widget-container\">\n\t\t\t<h2 class=\"elementor-heading-title elementor-size-default\">Expo et  Performances la Tournee du 26 sept au 5 octobre 2015<\/h2>\t\t<\/div>\n\t\t\t\t<\/div>\n\t\t\t\t<div class=\"elementor-element elementor-element-f58d668 elementor-widget elementor-widget-heading\" data-id=\"f58d668\" data-element_type=\"widget\" data-widget_type=\"heading.default\">\n\t\t\t\t<div class=\"elementor-widget-container\">\n\t\t\t<h2 class=\"elementor-heading-title elementor-size-default\">5 lieu-dit Blagnac\n33420 Cabara (a cote de Branne)<\/h2>\t\t<\/div>\n\t\t\t\t<\/div>\n\t\t\t\t\t<\/div>\n\t\t\t\t<\/div>\n\t\t\t\t<\/div>\n\t\t<div class=\"elementor-element elementor-element-c590cb3 e-flex e-con-boxed e-con e-parent\" data-id=\"c590cb3\" data-element_type=\"container\">\n\t\t\t\t\t<div class=\"e-con-inner\">\n\t\t\t\t<div class=\"elementor-element elementor-element-41fa159 elementor-widget elementor-widget-spacer\" data-id=\"41fa159\" data-element_type=\"widget\" data-widget_type=\"spacer.default\">\n\t\t\t\t<div class=\"elementor-widget-container\">\n\t\t\t<style>\/*! elementor - v3.23.0 - 25-07-2024 *\/\n.elementor-column .elementor-spacer-inner{height:var(--spacer-size)}.e-con{--container-widget-width:100%}.e-con-inner>.elementor-widget-spacer,.e-con>.elementor-widget-spacer{width:var(--container-widget-width,var(--spacer-size));--align-self:var(--container-widget-align-self,initial);--flex-shrink:0}.e-con-inner>.elementor-widget-spacer>.elementor-widget-container,.e-con>.elementor-widget-spacer>.elementor-widget-container{height:100%;width:100%}.e-con-inner>.elementor-widget-spacer>.elementor-widget-container>.elementor-spacer,.e-con>.elementor-widget-spacer>.elementor-widget-container>.elementor-spacer{height:100%}.e-con-inner>.elementor-widget-spacer>.elementor-widget-container>.elementor-spacer>.elementor-spacer-inner,.e-con>.elementor-widget-spacer>.elementor-widget-container>.elementor-spacer>.elementor-spacer-inner{height:var(--container-widget-height,var(--spacer-size))}.e-con-inner>.elementor-widget-spacer.elementor-widget-empty,.e-con>.elementor-widget-spacer.elementor-widget-empty{position:relative;min-height:22px;min-width:22px}.e-con-inner>.elementor-widget-spacer.elementor-widget-empty .elementor-widget-empty-icon,.e-con>.elementor-widget-spacer.elementor-widget-empty .elementor-widget-empty-icon{position:absolute;top:0;bottom:0;left:0;right:0;margin:auto;padding:0;width:22px;height:22px}<\/style>\t\t<div class=\"elementor-spacer\">\n\t\t\t<div class=\"elementor-spacer-inner\"><\/div>\n\t\t<\/div>\n\t\t\t\t<\/div>\n\t\t\t\t<\/div>\n\t\t\t\t<div class=\"elementor-element elementor-element-83c73af elementor-widget elementor-widget-video\" data-id=\"83c73af\" data-element_type=\"widget\" data-settings=\"{&quot;youtube_url&quot;:&quot;https:\\\/\\\/www.youtube.com\\\/watch?v=8rhOvjfyl7I&quot;,&quot;yt_privacy&quot;:&quot;yes&quot;,&quot;video_type&quot;:&quot;youtube&quot;,&quot;controls&quot;:&quot;yes&quot;}\" data-widget_type=\"video.default\">\n\t\t\t\t<div class=\"elementor-widget-container\">\n\t\t\t<style>\/*! elementor - v3.23.0 - 25-07-2024 *\/\n.elementor-widget-video .elementor-widget-container{overflow:hidden;transform:translateZ(0)}.elementor-widget-video .elementor-wrapper{aspect-ratio:var(--video-aspect-ratio)}.elementor-widget-video .elementor-wrapper iframe,.elementor-widget-video .elementor-wrapper video{height:100%;width:100%;display:flex;border:none;background-color:#000}@supports not (aspect-ratio:1\/1){.elementor-widget-video .elementor-wrapper{position:relative;overflow:hidden;height:0;padding-bottom:calc(100% \/ var(--video-aspect-ratio))}.elementor-widget-video .elementor-wrapper iframe,.elementor-widget-video .elementor-wrapper video{position:absolute;top:0;right:0;bottom:0;left:0}}.elementor-widget-video .elementor-open-inline .elementor-custom-embed-image-overlay{position:absolute;top:0;right:0;bottom:0;left:0;background-size:cover;background-position:50%}.elementor-widget-video .elementor-custom-embed-image-overlay{cursor:pointer;text-align:center}.elementor-widget-video .elementor-custom-embed-image-overlay:hover .elementor-custom-embed-play i{opacity:1}.elementor-widget-video .elementor-custom-embed-image-overlay img{display:block;width:100%;aspect-ratio:var(--video-aspect-ratio);-o-object-fit:cover;object-fit:cover;-o-object-position:center center;object-position:center center}@supports not (aspect-ratio:1\/1){.elementor-widget-video .elementor-custom-embed-image-overlay{position:relative;overflow:hidden;height:0;padding-bottom:calc(100% \/ var(--video-aspect-ratio))}.elementor-widget-video .elementor-custom-embed-image-overlay img{position:absolute;top:0;right:0;bottom:0;left:0}}.elementor-widget-video .e-hosted-video .elementor-video{-o-object-fit:cover;object-fit:cover}.e-con-inner>.elementor-widget-video,.e-con>.elementor-widget-video{width:var(--container-widget-width);--flex-grow:var(--container-widget-flex-grow)}<\/style>\t\t<div class=\"elementor-wrapper elementor-open-inline\">\n\t\t\t<div class=\"elementor-video\"><\/div>\t\t<\/div>\n\t\t\t\t<\/div>\n\t\t\t\t<\/div>\n\t\t\t\t\t<\/div>\n\t\t\t\t<\/div>\n\t\t\t\t<\/div>\n\t\t","protected":false},"excerpt":{"rendered":"<p>Bienvenue \u00e1 Cabara Atlantique au Ch\u00e2teau de Blagnac, lieu de rencontres, d\u2019arts et de sciences. Situ\u00e9 au bord de la Dordogne ( Gironde) nous accueillons depuis plus de 40 ans \u00e9crivains, artistes, scientifiques et gens de th\u00e9\u00e2tre. Welkom\u00a0 bij Cabara Atlantique op Chateau de Blagnac, een bruisende plek waar cultuur,\u00a0 wetenschap en natuur centraal staan. [&hellip;]<\/p>\n","protected":false},"author":1,"featured_media":0,"parent":0,"menu_order":0,"comment_status":"closed","ping_status":"closed","template":"","meta":{"footnotes":""},"class_list":["post-65","page","type-page","status-publish","hentry"],"_links":{"self":[{"href":"https:\/\/chateaudeblagnac.fr\/index.php?rest_route=\/wp\/v2\/pages\/65","targetHints":{"allow":["GET"]}}],"collection":[{"href":"https:\/\/chateaudeblagnac.fr\/index.php?rest_route=\/wp\/v2\/pages"}],"about":[{"href":"https:\/\/chateaudeblagnac.fr\/index.php?rest_route=\/wp\/v2\/types\/page"}],"author":[{"embeddable":true,"href":"https:\/\/chateaudeblagnac.fr\/index.php?rest_route=\/wp\/v2\/users\/1"}],"replies":[{"embeddable":true,"href":"https:\/\/chateaudeblagnac.fr\/index.php?rest_route=%2Fwp%2Fv2%2Fcomments&post=65"}],"version-history":[{"count":127,"href":"https:\/\/chateaudeblagnac.fr\/index.php?rest_route=\/wp\/v2\/pages\/65\/revisions"}],"predecessor-version":[{"id":678,"href":"https:\/\/chateaudeblagnac.fr\/index.php?rest_route=\/wp\/v2\/pages\/65\/revisions\/678"}],"wp:attachment":[{"href":"https:\/\/chateaudeblagnac.fr\/index.php?rest_route=%2Fwp%2Fv2%2Fmedia&parent=65"}],"curies":[{"name":"wp","href":"https:\/\/api.w.org\/{rel}","templated":true}]}}